{"id":5753,"date":"2023-05-03T14:33:31","date_gmt":"2023-05-03T12:33:31","guid":{"rendered":"https:\/\/corporate-learning-expedition.com\/destinations-europe\/"},"modified":"2026-03-17T09:58:52","modified_gmt":"2026-03-17T08:58:52","slug":"destinations-europe","status":"publish","type":"page","link":"https:\/\/corporate-learning-expedition.com\/fr\/destinations\/destinations-europe\/","title":{"rendered":"Destinations : Europe"},"content":{"rendered":"\t\t<div data-elementor-type=\"wp-page\" data-elementor-id=\"5753\" class=\"elementor elementor-5753 elementor-459\" data-elementor-post-type=\"page\">\n\t\t\t\t\t\t<section class=\"elementor-section elementor-top-section elementor-element elementor-element-eeff27b elementor-section-height-min-height elementor-section-content-middle elementor-section-boxed elementor-section-height-default elementor-section-items-middle\" data-id=\"eeff27b\" data-element_type=\"section\" data-e-type=\"section\" data-settings=\"{&quot;background_background&quot;:&quot;classic&quot;,&quot;shape_divider_bottom&quot;:&quot;wave-brush&quot;}\">\n\t\t\t\t\t\t\t<div class=\"elementor-background-overlay\"><\/div>\n\t\t\t\t\t\t<div class=\"elementor-shape elementor-shape-bottom\" aria-hidden=\"true\" data-negative=\"false\">\n\t\t\t<svg xmlns=\"http:\/\/www.w3.org\/2000\/svg\" viewBox=\"0 0 283.5 27.8\" preserveAspectRatio=\"none\">\n\t<path class=\"elementor-shape-fill\" d=\"M283.5,9.7c0,0-7.3,4.3-14,4.6c-6.8,0.3-12.6,0-20.9-1.5c-11.3-2-33.1-10.1-44.7-5.7\ts-12.1,4.6-18,7.4c-6.6,3.2-20,9.6-36.6,9.3C131.6,23.5,99.5,7.2,86.3,8c-1.4,0.1-6.6,0.8-10.5,2c-3.8,1.2-9.4,3.8-17,4.7\tc-3.2,0.4-8.3,1.1-14.2,0.9c-1.5-0.1-6.3-0.4-12-1.6c-5.7-1.2-11-3.1-15.8-3.7C6.5,9.2,0,10.8,0,10.8V0h283.5V9.7z M260.8,11.3\tc-0.7-1-2-0.4-4.3-0.4c-2.3,0-6.1-1.2-5.8-1.1c0.3,0.1,3.1,1.5,6,1.9C259.7,12.2,261.4,12.3,260.8,11.3z M242.4,8.6\tc0,0-2.4-0.2-5.6-0.9c-3.2-0.8-10.3-2.8-15.1-3.5c-8.2-1.1-15.8,0-15.1,0.1c0.8,0.1,9.6-0.6,17.6,1.1c3.3,0.7,9.3,2.2,12.4,2.7\tC239.9,8.7,242.4,8.6,242.4,8.6z M185.2,8.5c1.7-0.7-13.3,4.7-18.5,6.1c-2.1,0.6-6.2,1.6-10,2c-3.9,0.4-8.9,0.4-8.8,0.5\tc0,0.2,5.8,0.8,11.2,0c5.4-0.8,5.2-1.1,7.6-1.6C170.5,14.7,183.5,9.2,185.2,8.5z M199.1,6.9c0.2,0-0.8-0.4-4.8,1.1\tc-4,1.5-6.7,3.5-6.9,3.7c-0.2,0.1,3.5-1.8,6.6-3C197,7.5,199,6.9,199.1,6.9z M283,6c-0.1,0.1-1.9,1.1-4.8,2.5s-6.9,2.8-6.7,2.7\tc0.2,0,3.5-0.6,7.4-2.5C282.8,6.8,283.1,5.9,283,6z M31.3,11.6c0.1-0.2-1.9-0.2-4.5-1.2s-5.4-1.6-7.8-2C15,7.6,7.3,8.5,7.7,8.6\tC8,8.7,15.9,8.3,20.2,9.3c2.2,0.5,2.4,0.5,5.7,1.6S31.2,11.9,31.3,11.6z M73,9.2c0.4-0.1,3.5-1.6,8.4-2.6c4.9-1.1,8.9-0.5,8.9-0.8\tc0-0.3-1-0.9-6.2-0.3S72.6,9.3,73,9.2z M71.6,6.7C71.8,6.8,75,5.4,77.3,5c2.3-0.3,1.9-0.5,1.9-0.6c0-0.1-1.1-0.2-2.7,0.2\tC74.8,5.1,71.4,6.6,71.6,6.7z M93.6,4.4c0.1,0.2,3.5,0.8,5.6,1.8c2.1,1,1.8,0.6,1.9,0.5c0.1-0.1-0.8-0.8-2.4-1.3\tC97.1,4.8,93.5,4.2,93.6,4.4z M65.4,11.1c-0.1,0.3,0.3,0.5,1.9-0.2s2.6-1.3,2.2-1.2s-0.9,0.4-2.5,0.8C65.3,10.9,65.5,10.8,65.4,11.1\tz M34.5,12.4c-0.2,0,2.1,0.8,3.3,0.9c1.2,0.1,2,0.1,2-0.2c0-0.3-0.1-0.5-1.6-0.4C36.6,12.8,34.7,12.4,34.5,12.4z M152.2,21.1\tc-0.1,0.1-2.4-0.3-7.5-0.3c-5,0-13.6-2.4-17.2-3.5c-3.6-1.1,10,3.9,16.5,4.1C150.5,21.6,152.3,21,152.2,21.1z\"\/>\n\t<path class=\"elementor-shape-fill\" d=\"M269.6,18c-0.1-0.1-4.6,0.3-7.2,0c-7.3-0.7-17-3.2-16.6-2.9c0.4,0.3,13.7,3.1,17,3.3\tC267.7,18.8,269.7,18,269.6,18z\"\/>\n\t<path class=\"elementor-shape-fill\" d=\"M227.4,9.8c-0.2-0.1-4.5-1-9.5-1.2c-5-0.2-12.7,0.6-12.3,0.5c0.3-0.1,5.9-1.8,13.3-1.2\tS227.6,9.9,227.4,9.8z\"\/>\n\t<path class=\"elementor-shape-fill\" d=\"M204.5,13.4c-0.1-0.1,2-1,3.2-1.1c1.2-0.1,2,0,2,0.3c0,0.3-0.1,0.5-1.6,0.4\tC206.4,12.9,204.6,13.5,204.5,13.4z\"\/>\n\t<path class=\"elementor-shape-fill\" d=\"M201,10.6c0-0.1-4.4,1.2-6.3,2.2c-1.9,0.9-6.2,3.1-6.1,3.1c0.1,0.1,4.2-1.6,6.3-2.6\tS201,10.7,201,10.6z\"\/>\n\t<path class=\"elementor-shape-fill\" d=\"M154.5,26.7c-0.1-0.1-4.6,0.3-7.2,0c-7.3-0.7-17-3.2-16.6-2.9c0.4,0.3,13.7,3.1,17,3.3\tC152.6,27.5,154.6,26.8,154.5,26.7z\"\/>\n\t<path class=\"elementor-shape-fill\" d=\"M41.9,19.3c0,0,1.2-0.3,2.9-0.1c1.7,0.2,5.8,0.9,8.2,0.7c4.2-0.4,7.4-2.7,7-2.6\tc-0.4,0-4.3,2.2-8.6,1.9c-1.8-0.1-5.1-0.5-6.7-0.4S41.9,19.3,41.9,19.3z\"\/>\n\t<path class=\"elementor-shape-fill\" d=\"M75.5,12.6c0.2,0.1,2-0.8,4.3-1.1c2.3-0.2,2.1-0.3,2.1-0.5c0-0.1-1.8-0.4-3.4,0\tC76.9,11.5,75.3,12.5,75.5,12.6z\"\/>\n\t<path class=\"elementor-shape-fill\" d=\"M15.6,13.2c0-0.1,4.3,0,6.7,0.5c2.4,0.5,5,1.9,5,2c0,0.1-2.7-0.8-5.1-1.4\tC19.9,13.7,15.7,13.3,15.6,13.2z\"\/>\n<\/svg>\t\t<\/div>\n\t\t\t\t\t<div class=\"elementor-container elementor-column-gap-no\">\n\t\t\t\t\t<div class=\"elementor-column elementor-col-100 elementor-top-column elementor-element elementor-element-f9ec32b\" data-id=\"f9ec32b\" data-element_type=\"column\" data-e-type=\"column\">\n\t\t\t<div class=\"elementor-widget-wrap elementor-element-populated\">\n\t\t\t\t\t\t<div class=\"elementor-element elementor-element-a3b487d elementor-widget elementor-widget-spacer\" data-id=\"a3b487d\" data-element_type=\"widget\" data-e-type=\"widget\" data-widget_type=\"spacer.default\">\n\t\t\t\t<div class=\"elementor-widget-container\">\n\t\t\t\t\t\t\t<div class=\"elementor-spacer\">\n\t\t\t<div class=\"elementor-spacer-inner\"><\/div>\n\t\t<\/div>\n\t\t\t\t\t\t<\/div>\n\t\t\t\t<\/div>\n\t\t\t\t<div class=\"elementor-element elementor-element-c828a11 elementor-widget elementor-widget-heading\" data-id=\"c828a11\" data-element_type=\"widget\" data-e-type=\"widget\" data-widget_type=\"heading.default\">\n\t\t\t\t<div class=\"elementor-widget-container\">\n\t\t\t\t\t<h1 class=\"elementor-heading-title elementor-size-default\">Learning Expeditions en Europe<\/h1>\t\t\t\t<\/div>\n\t\t\t\t<\/div>\n\t\t\t\t<div class=\"elementor-element elementor-element-f4402ae elementor-widget elementor-widget-heading\" data-id=\"f4402ae\" data-element_type=\"widget\" data-e-type=\"widget\" data-widget_type=\"heading.default\">\n\t\t\t\t<div class=\"elementor-widget-container\">\n\t\t\t\t\t<h2 class=\"elementor-heading-title elementor-size-default\">Lib\u00e9rez votre potentiel d'apprentissage dans les villes les plus dynamiques d'Europe : d\u00e9couvrez nos destinations pour une Learning Expedition.<\/h2>\t\t\t\t<\/div>\n\t\t\t\t<\/div>\n\t\t\t\t<div class=\"elementor-element elementor-element-9522729 elementor-align-center elementor-widget elementor-widget-global elementor-global-697 elementor-widget-button\" data-id=\"9522729\" data-element_type=\"widget\" data-e-type=\"widget\" data-widget_type=\"button.default\">\n\t\t\t\t<div class=\"elementor-widget-container\">\n\t\t\t\t\t\t\t\t\t<div class=\"elementor-button-wrapper\">\n\t\t\t\t\t<a class=\"elementor-button elementor-button-link elementor-size-md elementor-animation-grow\" href=\"https:\/\/corporate-learning-expedition.com\/fr\/contact\/\">\n\t\t\t\t\t\t<span class=\"elementor-button-content-wrapper\">\n\t\t\t\t\t\t\t\t\t<span class=\"elementor-button-text\">Contact us<\/span>\n\t\t\t\t\t<\/span>\n\t\t\t\t\t<\/a>\n\t\t\t\t<\/div>\n\t\t\t\t\t\t\t\t<\/div>\n\t\t\t\t<\/div>\n\t\t\t\t<div class=\"elementor-element elementor-element-0ab61cd elementor-widget elementor-widget-spacer\" data-id=\"0ab61cd\" data-element_type=\"widget\" data-e-type=\"widget\" data-widget_type=\"spacer.default\">\n\t\t\t\t<div class=\"elementor-widget-container\">\n\t\t\t\t\t\t\t<div class=\"elementor-spacer\">\n\t\t\t<div class=\"elementor-spacer-inner\"><\/div>\n\t\t<\/div>\n\t\t\t\t\t\t<\/div>\n\t\t\t\t<\/div>\n\t\t\t\t\t<\/div>\n\t\t<\/div>\n\t\t\t\t\t<\/div>\n\t\t<\/section>\n\t\t\t\t<section class=\"elementor-section elementor-top-section elementor-element elementor-element-0db2310 elementor-section-boxed elementor-section-height-default elementor-section-height-default\" data-id=\"0db2310\" data-element_type=\"section\" data-e-type=\"section\">\n\t\t\t\t\t\t<div class=\"elementor-container elementor-column-gap-default\">\n\t\t\t\t\t<div class=\"elementor-column elementor-col-100 elementor-top-column elementor-element elementor-element-48d0eeb\" data-id=\"48d0eeb\" data-element_type=\"column\" data-e-type=\"column\">\n\t\t\t<div class=\"elementor-widget-wrap elementor-element-populated\">\n\t\t\t\t\t\t\t<\/div>\n\t\t<\/div>\n\t\t\t\t\t<\/div>\n\t\t<\/section>\n\t\t\t\t<\/div>\n\t\t","protected":false},"excerpt":{"rendered":"<p>Learning Expeditions en Europe Lib\u00e9rez votre potentiel d&rsquo;apprentissage dans les villes les plus dynamiques d&rsquo;Europe : d\u00e9couvrez nos destinations pour une Learning Expedition. Contact us<\/p>\n","protected":false},"author":1,"featured_media":0,"parent":5761,"menu_order":0,"comment_status":"closed","ping_status":"closed","template":"","meta":{"footnotes":""},"categories":[129],"tags":[],"folder":[],"class_list":["post-5753","page","type-page","status-publish","hentry","category-destinations"],"yoast_head":"<!-- This site is optimized with the Yoast SEO plugin v27.4 - https:\/\/yoast.com\/product\/yoast-seo-wordpress\/ -->\n<title>Destination Europe : Lib\u00e9rez votre potentiel d&#039;apprentissage dans des villes dynamiques<\/title>\n<meta name=\"description\" content=\"Explorez les options de Learning Expeditions dans les villes dynamiques d&#039;Europe. Lib\u00e9rez votre potentiel d&#039;apprentissage. Embarquez pour un voyage plac\u00e9 sous le signe de la connaissance et de la croissance. D\u00e9couvrir maintenant !\" \/>\n<meta name=\"robots\" content=\"index, follow, max-snippet:-1, max-image-preview:large, max-video-preview:-1\" \/>\n<link rel=\"canonical\" href=\"https:\/\/corporate-learning-expedition.com\/fr\/destinations\/destinations-europe\/\" \/>\n<meta property=\"og:locale\" content=\"fr_FR\" \/>\n<meta property=\"og:type\" content=\"article\" \/>\n<meta property=\"og:title\" content=\"Destination Europe : Lib\u00e9rez votre potentiel d&#039;apprentissage dans des villes dynamiques\" \/>\n<meta property=\"og:description\" content=\"Explorez les options de Learning Expeditions dans les villes dynamiques d&#039;Europe. Lib\u00e9rez votre potentiel d&#039;apprentissage. Embarquez pour un voyage plac\u00e9 sous le signe de la connaissance et de la croissance. D\u00e9couvrir maintenant !\" \/>\n<meta property=\"og:url\" content=\"https:\/\/corporate-learning-expedition.com\/fr\/destinations\/destinations-europe\/\" \/>\n<meta property=\"og:site_name\" content=\"Corporate Learning Expedition\" \/>\n<meta property=\"article:modified_time\" content=\"2026-03-17T08:58:52+00:00\" \/>\n<meta name=\"twitter:card\" content=\"summary_large_image\" \/>\n<script type=\"application\/ld+json\" class=\"yoast-schema-graph\">{\"@context\":\"https:\\\/\\\/schema.org\",\"@graph\":[{\"@type\":\"WebPage\",\"@id\":\"https:\\\/\\\/corporate-learning-expedition.com\\\/fr\\\/destinations\\\/destinations-europe\\\/\",\"url\":\"https:\\\/\\\/corporate-learning-expedition.com\\\/fr\\\/destinations\\\/destinations-europe\\\/\",\"name\":\"Destination Europe : Lib\u00e9rez votre potentiel d'apprentissage dans des villes dynamiques\",\"isPartOf\":{\"@id\":\"https:\\\/\\\/corporate-learning-expedition.com\\\/fr\\\/#website\"},\"datePublished\":\"2023-05-03T12:33:31+00:00\",\"dateModified\":\"2026-03-17T08:58:52+00:00\",\"description\":\"Explorez les options de Learning Expeditions dans les villes dynamiques d'Europe. Lib\u00e9rez votre potentiel d'apprentissage. Embarquez pour un voyage plac\u00e9 sous le signe de la connaissance et de la croissance. D\u00e9couvrir maintenant !\",\"breadcrumb\":{\"@id\":\"https:\\\/\\\/corporate-learning-expedition.com\\\/fr\\\/destinations\\\/destinations-europe\\\/#breadcrumb\"},\"inLanguage\":\"fr-FR\",\"potentialAction\":[{\"@type\":\"ReadAction\",\"target\":[\"https:\\\/\\\/corporate-learning-expedition.com\\\/fr\\\/destinations\\\/destinations-europe\\\/\"]}]},{\"@type\":\"BreadcrumbList\",\"@id\":\"https:\\\/\\\/corporate-learning-expedition.com\\\/fr\\\/destinations\\\/destinations-europe\\\/#breadcrumb\",\"itemListElement\":[{\"@type\":\"ListItem\",\"position\":1,\"name\":\"Accueil\",\"item\":\"https:\\\/\\\/corporate-learning-expedition.com\\\/fr\\\/accueil\\\/\"},{\"@type\":\"ListItem\",\"position\":2,\"name\":\"Destinations\",\"item\":\"https:\\\/\\\/corporate-learning-expedition.com\\\/fr\\\/destinations\\\/\"},{\"@type\":\"ListItem\",\"position\":3,\"name\":\"Destinations : Europe\"}]},{\"@type\":\"WebSite\",\"@id\":\"https:\\\/\\\/corporate-learning-expedition.com\\\/fr\\\/#website\",\"url\":\"https:\\\/\\\/corporate-learning-expedition.com\\\/fr\\\/\",\"name\":\"Corporate Learning Expedition\",\"description\":\"We create learning expeditions and experiences to empower top executives and organizations to reach their transformation goals\",\"publisher\":{\"@id\":\"https:\\\/\\\/corporate-learning-expedition.com\\\/fr\\\/#organization\"},\"potentialAction\":[{\"@type\":\"SearchAction\",\"target\":{\"@type\":\"EntryPoint\",\"urlTemplate\":\"https:\\\/\\\/corporate-learning-expedition.com\\\/fr\\\/?s={search_term_string}\"},\"query-input\":{\"@type\":\"PropertyValueSpecification\",\"valueRequired\":true,\"valueName\":\"search_term_string\"}}],\"inLanguage\":\"fr-FR\"},{\"@type\":\"Organization\",\"@id\":\"https:\\\/\\\/corporate-learning-expedition.com\\\/fr\\\/#organization\",\"name\":\"Corporate Learning Expedition\",\"url\":\"https:\\\/\\\/corporate-learning-expedition.com\\\/fr\\\/\",\"logo\":{\"@type\":\"ImageObject\",\"inLanguage\":\"fr-FR\",\"@id\":\"https:\\\/\\\/corporate-learning-expedition.com\\\/fr\\\/#\\\/schema\\\/logo\\\/image\\\/\",\"url\":\"https:\\\/\\\/corporate-learning-expedition.com\\\/wp-content\\\/uploads\\\/2023\\\/05\\\/Corporate-Learning-Expedition-Logos-28.png\",\"contentUrl\":\"https:\\\/\\\/corporate-learning-expedition.com\\\/wp-content\\\/uploads\\\/2023\\\/05\\\/Corporate-Learning-Expedition-Logos-28.png\",\"width\":4419,\"height\":2311,\"caption\":\"Corporate Learning Expedition\"},\"image\":{\"@id\":\"https:\\\/\\\/corporate-learning-expedition.com\\\/fr\\\/#\\\/schema\\\/logo\\\/image\\\/\"}}]}<\/script>\n<!-- \/ Yoast SEO plugin. -->","yoast_head_json":{"title":"Destination Europe : Lib\u00e9rez votre potentiel d'apprentissage dans des villes dynamiques","description":"Explorez les options de Learning Expeditions dans les villes dynamiques d'Europe. Lib\u00e9rez votre potentiel d'apprentissage. Embarquez pour un voyage plac\u00e9 sous le signe de la connaissance et de la croissance. D\u00e9couvrir maintenant !","robots":{"index":"index","follow":"follow","max-snippet":"max-snippet:-1","max-image-preview":"max-image-preview:large","max-video-preview":"max-video-preview:-1"},"canonical":"https:\/\/corporate-learning-expedition.com\/fr\/destinations\/destinations-europe\/","og_locale":"fr_FR","og_type":"article","og_title":"Destination Europe : Lib\u00e9rez votre potentiel d'apprentissage dans des villes dynamiques","og_description":"Explorez les options de Learning Expeditions dans les villes dynamiques d'Europe. Lib\u00e9rez votre potentiel d'apprentissage. Embarquez pour un voyage plac\u00e9 sous le signe de la connaissance et de la croissance. D\u00e9couvrir maintenant !","og_url":"https:\/\/corporate-learning-expedition.com\/fr\/destinations\/destinations-europe\/","og_site_name":"Corporate Learning Expedition","article_modified_time":"2026-03-17T08:58:52+00:00","twitter_card":"summary_large_image","schema":{"@context":"https:\/\/schema.org","@graph":[{"@type":"WebPage","@id":"https:\/\/corporate-learning-expedition.com\/fr\/destinations\/destinations-europe\/","url":"https:\/\/corporate-learning-expedition.com\/fr\/destinations\/destinations-europe\/","name":"Destination Europe : Lib\u00e9rez votre potentiel d'apprentissage dans des villes dynamiques","isPartOf":{"@id":"https:\/\/corporate-learning-expedition.com\/fr\/#website"},"datePublished":"2023-05-03T12:33:31+00:00","dateModified":"2026-03-17T08:58:52+00:00","description":"Explorez les options de Learning Expeditions dans les villes dynamiques d'Europe. Lib\u00e9rez votre potentiel d'apprentissage. Embarquez pour un voyage plac\u00e9 sous le signe de la connaissance et de la croissance. D\u00e9couvrir maintenant !","breadcrumb":{"@id":"https:\/\/corporate-learning-expedition.com\/fr\/destinations\/destinations-europe\/#breadcrumb"},"inLanguage":"fr-FR","potentialAction":[{"@type":"ReadAction","target":["https:\/\/corporate-learning-expedition.com\/fr\/destinations\/destinations-europe\/"]}]},{"@type":"BreadcrumbList","@id":"https:\/\/corporate-learning-expedition.com\/fr\/destinations\/destinations-europe\/#breadcrumb","itemListElement":[{"@type":"ListItem","position":1,"name":"Accueil","item":"https:\/\/corporate-learning-expedition.com\/fr\/accueil\/"},{"@type":"ListItem","position":2,"name":"Destinations","item":"https:\/\/corporate-learning-expedition.com\/fr\/destinations\/"},{"@type":"ListItem","position":3,"name":"Destinations : Europe"}]},{"@type":"WebSite","@id":"https:\/\/corporate-learning-expedition.com\/fr\/#website","url":"https:\/\/corporate-learning-expedition.com\/fr\/","name":"Corporate Learning Expedition","description":"We create learning expeditions and experiences to empower top executives and organizations to reach their transformation goals","publisher":{"@id":"https:\/\/corporate-learning-expedition.com\/fr\/#organization"},"potentialAction":[{"@type":"SearchAction","target":{"@type":"EntryPoint","urlTemplate":"https:\/\/corporate-learning-expedition.com\/fr\/?s={search_term_string}"},"query-input":{"@type":"PropertyValueSpecification","valueRequired":true,"valueName":"search_term_string"}}],"inLanguage":"fr-FR"},{"@type":"Organization","@id":"https:\/\/corporate-learning-expedition.com\/fr\/#organization","name":"Corporate Learning Expedition","url":"https:\/\/corporate-learning-expedition.com\/fr\/","logo":{"@type":"ImageObject","inLanguage":"fr-FR","@id":"https:\/\/corporate-learning-expedition.com\/fr\/#\/schema\/logo\/image\/","url":"https:\/\/corporate-learning-expedition.com\/wp-content\/uploads\/2023\/05\/Corporate-Learning-Expedition-Logos-28.png","contentUrl":"https:\/\/corporate-learning-expedition.com\/wp-content\/uploads\/2023\/05\/Corporate-Learning-Expedition-Logos-28.png","width":4419,"height":2311,"caption":"Corporate Learning Expedition"},"image":{"@id":"https:\/\/corporate-learning-expedition.com\/fr\/#\/schema\/logo\/image\/"}}]}},"_links":{"self":[{"href":"https:\/\/corporate-learning-expedition.com\/fr\/wp-json\/wp\/v2\/pages\/5753","targetHints":{"allow":["GET"]}}],"collection":[{"href":"https:\/\/corporate-learning-expedition.com\/fr\/wp-json\/wp\/v2\/pages"}],"about":[{"href":"https:\/\/corporate-learning-expedition.com\/fr\/wp-json\/wp\/v2\/types\/page"}],"author":[{"embeddable":true,"href":"https:\/\/corporate-learning-expedition.com\/fr\/wp-json\/wp\/v2\/users\/1"}],"replies":[{"embeddable":true,"href":"https:\/\/corporate-learning-expedition.com\/fr\/wp-json\/wp\/v2\/comments?post=5753"}],"version-history":[{"count":3,"href":"https:\/\/corporate-learning-expedition.com\/fr\/wp-json\/wp\/v2\/pages\/5753\/revisions"}],"predecessor-version":[{"id":6183,"href":"https:\/\/corporate-learning-expedition.com\/fr\/wp-json\/wp\/v2\/pages\/5753\/revisions\/6183"}],"up":[{"embeddable":true,"href":"https:\/\/corporate-learning-expedition.com\/fr\/wp-json\/wp\/v2\/pages\/5761"}],"wp:attachment":[{"href":"https:\/\/corporate-learning-expedition.com\/fr\/wp-json\/wp\/v2\/media?parent=5753"}],"wp:term":[{"taxonomy":"category","embeddable":true,"href":"https:\/\/corporate-learning-expedition.com\/fr\/wp-json\/wp\/v2\/categories?post=5753"},{"taxonomy":"post_tag","embeddable":true,"href":"https:\/\/corporate-learning-expedition.com\/fr\/wp-json\/wp\/v2\/tags?post=5753"},{"taxonomy":"folder","embeddable":true,"href":"https:\/\/corporate-learning-expedition.com\/fr\/wp-json\/wp\/v2\/folder?post=5753"}],"curies":[{"name":"wp","href":"https:\/\/api.w.org\/{rel}","templated":true}]}}