{"id":5607,"date":"2023-07-18T11:53:57","date_gmt":"2023-07-18T09:53:57","guid":{"rendered":"https:\/\/corporate-learning-expedition.com\/politique-de-confidentialite\/"},"modified":"2026-03-19T04:09:53","modified_gmt":"2026-03-19T03:09:53","slug":"politique-de-confidentialite","status":"publish","type":"page","link":"https:\/\/corporate-learning-expedition.com\/fr\/politique-de-confidentialite\/","title":{"rendered":"Politique de confidentialit\u00e9"},"content":{"rendered":"\t\t<div data-elementor-type=\"wp-page\" data-elementor-id=\"5607\" class=\"elementor elementor-5607 elementor-1904\" data-elementor-post-type=\"page\">\n\t\t\t\t\t\t<section class=\"elementor-section elementor-top-section elementor-element elementor-element-39f7aa98 elementor-section-boxed elementor-section-height-default elementor-section-height-default\" data-id=\"39f7aa98\" data-element_type=\"section\" data-e-type=\"section\">\n\t\t\t\t\t\t<div class=\"elementor-container elementor-column-gap-default\">\n\t\t\t\t\t<div class=\"elementor-column elementor-col-100 elementor-top-column elementor-element elementor-element-7e66daec\" data-id=\"7e66daec\" data-element_type=\"column\" data-e-type=\"column\">\n\t\t\t<div class=\"elementor-widget-wrap elementor-element-populated\">\n\t\t\t\t\t\t<div class=\"elementor-element elementor-element-b8168da elementor-widget elementor-widget-heading\" data-id=\"b8168da\" data-element_type=\"widget\" data-e-type=\"widget\" data-widget_type=\"heading.default\">\n\t\t\t\t<div class=\"elementor-widget-container\">\n\t\t\t\t\t<h2 class=\"elementor-heading-title elementor-size-default\">Politique de confidentialit\u00e9<\/h2>\t\t\t\t<\/div>\n\t\t\t\t<\/div>\n\t\t\t\t<div class=\"elementor-element elementor-element-279e2bb elementor-widget elementor-widget-text-editor\" data-id=\"279e2bb\" data-element_type=\"widget\" data-e-type=\"widget\" data-widget_type=\"text-editor.default\">\n\t\t\t\t<div class=\"elementor-widget-container\">\n\t\t\t\t\t\t\t\t\t<p><\/p><h2>Qui sommes-nous ?<\/h2><p>L&rsquo;adresse de notre site web est : http:\/\/corporate-learning-expedition.com.<\/p><h2>Commentaires<\/h2><p>Lorsque vous laissez un commentaire sur notre site, les donn\u00e9es saisies dans le formulaire de commentaire, ainsi que votre adresse IP et l&rsquo;agent utilisateur de votre navigateur, sont collect\u00e9s pour nous aider \u00e0 d\u00e9tecter les commentaires ind\u00e9sirables.<\/p><p>Une cha\u00eene anonyme cr\u00e9\u00e9e \u00e0 partir de votre adresse \u00e9lectronique (\u00e9galement appel\u00e9e \u00ab\u00a0hash\u00a0\u00bb) peut \u00eatre envoy\u00e9e au service Gravatar pour v\u00e9rifier si vous l&rsquo;utilisez. La politique de confidentialit\u00e9 du service Gravatar est disponible ici : https:\/\/automattic.com\/privacy\/. Une fois votre commentaire approuv\u00e9, votre photo de profil sera visible publiquement \u00e0 c\u00f4t\u00e9 de votre commentaire. <\/p><h2>Les m\u00e9dias<\/h2><p>Si vous t\u00e9l\u00e9chargez des images sur le site, nous vous recommandons d&rsquo;\u00e9viter de t\u00e9l\u00e9charger des images contenant des donn\u00e9es de localisation GPS (donn\u00e9es EXIF). Les visiteurs de votre site peuvent t\u00e9l\u00e9charger et extraire des donn\u00e9es de localisation de ces images. <\/p><h2>Cookies<\/h2><p>Si vous laissez un commentaire sur notre site, vous pouvez choisir d&rsquo;enregistrer votre nom, votre adresse \u00e9lectronique et votre site web dans des cookies. Cela vous permet de ne pas avoir \u00e0 saisir \u00e0 nouveau ces informations lorsque vous laissez un autre commentaire. Ces cookies ont une dur\u00e9e de vie d&rsquo;un an.  <\/p><p>Si vous visitez la page de connexion, un cookie temporaire sera install\u00e9 pour d\u00e9terminer si votre navigateur accepte les cookies. Il ne contient aucune donn\u00e9e personnelle et sera supprim\u00e9 lorsque vous fermerez votre navigateur. <\/p><p>Lorsque vous vous connectez, nous installons \u00e9galement plusieurs cookies pour enregistrer vos informations de connexion et vos pr\u00e9f\u00e9rences d&rsquo;affichage \u00e0 l&rsquo;\u00e9cran. La dur\u00e9e de vie d&rsquo;un cookie de connexion est de deux jours, tandis que la dur\u00e9e de vie d&rsquo;un cookie d&rsquo;option d&rsquo;\u00e9cran est d&rsquo;un an. Si vous s\u00e9lectionnez \u00ab\u00a0Se souvenir de moi\u00a0\u00bb, votre cookie de connexion sera conserv\u00e9 pendant deux semaines. Si vous vous d\u00e9connectez de votre compte, le cookie de connexion sera supprim\u00e9.   <\/p><p>Lorsque vous modifiez ou publiez un article, un cookie suppl\u00e9mentaire est enregistr\u00e9 dans votre navigateur. Ce cookie ne contient aucune donn\u00e9e personnelle et indique simplement l&rsquo;identifiant de l&rsquo;article que vous venez de modifier. Il expire au bout d&rsquo;un jour.  <\/p><h2>Contenu int\u00e9gr\u00e9 d&rsquo;autres sites web<\/h2><p>Les articles de ce site peuvent contenir du contenu int\u00e9gr\u00e9 (par exemple, des vid\u00e9os, des images, des articles, etc.). Le contenu int\u00e9gr\u00e9 provenant d&rsquo;autres sites web se comporte de la m\u00eame mani\u00e8re que si le visiteur avait visit\u00e9 l&rsquo;autre site web. <\/p><p>Ces sites web peuvent collecter des donn\u00e9es vous concernant, utiliser des cookies, int\u00e9grer des outils de suivi tiers suppl\u00e9mentaires et surveiller votre interaction avec le contenu int\u00e9gr\u00e9 si vous avez un compte et \u00eates connect\u00e9 \u00e0 ce site web.<\/p><h2>Utilisation et transmission de vos donn\u00e9es personnelles<\/h2><p>Si vous demandez une r\u00e9initialisation de votre mot de passe, votre adresse IP sera incluse dans l&rsquo;e-mail de r\u00e9initialisation.<\/p><h2>P\u00e9riodes de conservation des donn\u00e9es<\/h2><p>Si vous laissez un commentaire, celui-ci et ses m\u00e9tadonn\u00e9es sont conserv\u00e9s ind\u00e9finiment. Cela nous permet de reconna\u00eetre et d&rsquo;approuver automatiquement les commentaires de suivi au lieu de les conserver dans une file d&rsquo;attente de mod\u00e9ration. <\/p><p>Pour les utilisateurs qui s&rsquo;inscrivent sur notre site web (le cas \u00e9ch\u00e9ant), nous stockons \u00e9galement les informations personnelles qu&rsquo;ils fournissent dans leur profil d&rsquo;utilisateur. Tous les utilisateurs peuvent voir, modifier ou supprimer leurs informations personnelles \u00e0 tout moment (sauf qu&rsquo;ils ne peuvent pas changer leur nom d&rsquo;utilisateur). Les administrateurs du site web peuvent \u00e9galement voir et modifier ces informations.  <\/p><h2>Vos droits concernant vos donn\u00e9es<\/h2><p>Si vous avez un compte sur ce site ou si vous avez laiss\u00e9 des commentaires, vous pouvez demander \u00e0 recevoir un fichier export\u00e9 des donn\u00e9es personnelles que nous d\u00e9tenons \u00e0 votre sujet, y compris les donn\u00e9es que vous nous avez fournies. Vous pouvez \u00e9galement demander l&rsquo;effacement des donn\u00e9es personnelles que nous d\u00e9tenons \u00e0 votre sujet. Ceci n&rsquo;inclut pas les donn\u00e9es que nous sommes oblig\u00e9s de conserver \u00e0 des fins administratives, l\u00e9gales ou de s\u00e9curit\u00e9.  <\/p><h2>Transmission de vos donn\u00e9es personnelles<\/h2><p>Les commentaires des visiteurs peuvent \u00eatre v\u00e9rifi\u00e9s par un service automatis\u00e9 de d\u00e9tection des spams.<\/p><p><\/p>\t\t\t\t\t\t\t\t<\/div>\n\t\t\t\t<\/div>\n\t\t\t\t\t<\/div>\n\t\t<\/div>\n\t\t\t\t\t<\/div>\n\t\t<\/section>\n\t\t\t\t<\/div>\n\t\t","protected":false},"excerpt":{"rendered":"<p>Politique de confidentialit\u00e9 Qui sommes-nous ? L&rsquo;adresse de notre site web est : http:\/\/corporate-learning-expedition.com. Commentaires Lorsque vous laissez un commentaire sur notre site, les donn\u00e9es saisies dans le formulaire de commentaire, ainsi que votre adresse IP et l&rsquo;agent utilisateur de votre navigateur, sont collect\u00e9s pour nous aider \u00e0 d\u00e9tecter les commentaires ind\u00e9sirables. Une cha\u00eene anonyme [&hellip;]<\/p>\n","protected":false},"author":1,"featured_media":0,"parent":0,"menu_order":0,"comment_status":"closed","ping_status":"closed","template":"","meta":{"footnotes":""},"categories":[134],"tags":[],"folder":[],"class_list":["post-5607","page","type-page","status-publish","hentry","category-pas-de-menu-2"],"yoast_head":"<!-- This site is optimized with the Yoast SEO plugin v27.1.1 - https:\/\/yoast.com\/product\/yoast-seo-wordpress\/ -->\n<title>Politique de confidentialit\u00e9 - Corporate Learning Expedition<\/title>\n<meta name=\"robots\" content=\"index, follow, max-snippet:-1, max-image-preview:large, max-video-preview:-1\" \/>\n<link rel=\"canonical\" href=\"https:\/\/corporate-learning-expedition.com\/fr\/politique-de-confidentialite\/\" \/>\n<meta property=\"og:locale\" content=\"fr_FR\" \/>\n<meta property=\"og:type\" content=\"article\" \/>\n<meta property=\"og:title\" content=\"Politique de confidentialit\u00e9 - Corporate Learning Expedition\" \/>\n<meta property=\"og:description\" content=\"Politique de confidentialit\u00e9 Qui sommes-nous ? L&rsquo;adresse de notre site web est : http:\/\/corporate-learning-expedition.com. Commentaires Lorsque vous laissez un commentaire sur notre site, les donn\u00e9es saisies dans le formulaire de commentaire, ainsi que votre adresse IP et l&rsquo;agent utilisateur de votre navigateur, sont collect\u00e9s pour nous aider \u00e0 d\u00e9tecter les commentaires ind\u00e9sirables. Une cha\u00eene anonyme [&hellip;]\" \/>\n<meta property=\"og:url\" content=\"https:\/\/corporate-learning-expedition.com\/fr\/politique-de-confidentialite\/\" \/>\n<meta property=\"og:site_name\" content=\"Corporate Learning Expedition\" \/>\n<meta property=\"article:modified_time\" content=\"2026-03-19T03:09:53+00:00\" \/>\n<meta name=\"twitter:card\" content=\"summary_large_image\" \/>\n<meta name=\"twitter:label1\" content=\"Dur\u00e9e de lecture estim\u00e9e\" \/>\n\t<meta name=\"twitter:data1\" content=\"4 minutes\" \/>\n<script type=\"application\/ld+json\" class=\"yoast-schema-graph\">{\"@context\":\"https:\/\/schema.org\",\"@graph\":[{\"@type\":\"WebPage\",\"@id\":\"https:\/\/corporate-learning-expedition.com\/fr\/politique-de-confidentialite\/\",\"url\":\"https:\/\/corporate-learning-expedition.com\/fr\/politique-de-confidentialite\/\",\"name\":\"Politique de confidentialit\u00e9 - Corporate Learning Expedition\",\"isPartOf\":{\"@id\":\"https:\/\/corporate-learning-expedition.com\/fr\/#website\"},\"datePublished\":\"2023-07-18T09:53:57+00:00\",\"dateModified\":\"2026-03-19T03:09:53+00:00\",\"breadcrumb\":{\"@id\":\"https:\/\/corporate-learning-expedition.com\/fr\/politique-de-confidentialite\/#breadcrumb\"},\"inLanguage\":\"fr-FR\",\"potentialAction\":[{\"@type\":\"ReadAction\",\"target\":[\"https:\/\/corporate-learning-expedition.com\/fr\/politique-de-confidentialite\/\"]}]},{\"@type\":\"BreadcrumbList\",\"@id\":\"https:\/\/corporate-learning-expedition.com\/fr\/politique-de-confidentialite\/#breadcrumb\",\"itemListElement\":[{\"@type\":\"ListItem\",\"position\":1,\"name\":\"Accueil\",\"item\":\"https:\/\/corporate-learning-expedition.com\/fr\/accueil\/\"},{\"@type\":\"ListItem\",\"position\":2,\"name\":\"Politique de confidentialit\u00e9\"}]},{\"@type\":\"WebSite\",\"@id\":\"https:\/\/corporate-learning-expedition.com\/fr\/#website\",\"url\":\"https:\/\/corporate-learning-expedition.com\/fr\/\",\"name\":\"Corporate Learning Expedition\",\"description\":\"We create learning expeditions and experiences to empower top executives and organizations to reach their transformation goals\",\"publisher\":{\"@id\":\"https:\/\/corporate-learning-expedition.com\/fr\/#organization\"},\"potentialAction\":[{\"@type\":\"SearchAction\",\"target\":{\"@type\":\"EntryPoint\",\"urlTemplate\":\"https:\/\/corporate-learning-expedition.com\/fr\/?s={search_term_string}\"},\"query-input\":{\"@type\":\"PropertyValueSpecification\",\"valueRequired\":true,\"valueName\":\"search_term_string\"}}],\"inLanguage\":\"fr-FR\"},{\"@type\":\"Organization\",\"@id\":\"https:\/\/corporate-learning-expedition.com\/fr\/#organization\",\"name\":\"Corporate Learning Expedition\",\"url\":\"https:\/\/corporate-learning-expedition.com\/fr\/\",\"logo\":{\"@type\":\"ImageObject\",\"inLanguage\":\"fr-FR\",\"@id\":\"https:\/\/corporate-learning-expedition.com\/fr\/#\/schema\/logo\/image\/\",\"url\":\"https:\/\/corporate-learning-expedition.com\/wp-content\/uploads\/2023\/05\/Corporate-Learning-Expedition-Logos-28.png\",\"contentUrl\":\"https:\/\/corporate-learning-expedition.com\/wp-content\/uploads\/2023\/05\/Corporate-Learning-Expedition-Logos-28.png\",\"width\":4419,\"height\":2311,\"caption\":\"Corporate Learning Expedition\"},\"image\":{\"@id\":\"https:\/\/corporate-learning-expedition.com\/fr\/#\/schema\/logo\/image\/\"}}]}<\/script>\n<!-- \/ Yoast SEO plugin. -->","yoast_head_json":{"title":"Politique de confidentialit\u00e9 - Corporate Learning Expedition","robots":{"index":"index","follow":"follow","max-snippet":"max-snippet:-1","max-image-preview":"max-image-preview:large","max-video-preview":"max-video-preview:-1"},"canonical":"https:\/\/corporate-learning-expedition.com\/fr\/politique-de-confidentialite\/","og_locale":"fr_FR","og_type":"article","og_title":"Politique de confidentialit\u00e9 - Corporate Learning Expedition","og_description":"Politique de confidentialit\u00e9 Qui sommes-nous ? L&rsquo;adresse de notre site web est : http:\/\/corporate-learning-expedition.com. Commentaires Lorsque vous laissez un commentaire sur notre site, les donn\u00e9es saisies dans le formulaire de commentaire, ainsi que votre adresse IP et l&rsquo;agent utilisateur de votre navigateur, sont collect\u00e9s pour nous aider \u00e0 d\u00e9tecter les commentaires ind\u00e9sirables. Une cha\u00eene anonyme [&hellip;]","og_url":"https:\/\/corporate-learning-expedition.com\/fr\/politique-de-confidentialite\/","og_site_name":"Corporate Learning Expedition","article_modified_time":"2026-03-19T03:09:53+00:00","twitter_card":"summary_large_image","twitter_misc":{"Dur\u00e9e de lecture estim\u00e9e":"4 minutes"},"schema":{"@context":"https:\/\/schema.org","@graph":[{"@type":"WebPage","@id":"https:\/\/corporate-learning-expedition.com\/fr\/politique-de-confidentialite\/","url":"https:\/\/corporate-learning-expedition.com\/fr\/politique-de-confidentialite\/","name":"Politique de confidentialit\u00e9 - Corporate Learning Expedition","isPartOf":{"@id":"https:\/\/corporate-learning-expedition.com\/fr\/#website"},"datePublished":"2023-07-18T09:53:57+00:00","dateModified":"2026-03-19T03:09:53+00:00","breadcrumb":{"@id":"https:\/\/corporate-learning-expedition.com\/fr\/politique-de-confidentialite\/#breadcrumb"},"inLanguage":"fr-FR","potentialAction":[{"@type":"ReadAction","target":["https:\/\/corporate-learning-expedition.com\/fr\/politique-de-confidentialite\/"]}]},{"@type":"BreadcrumbList","@id":"https:\/\/corporate-learning-expedition.com\/fr\/politique-de-confidentialite\/#breadcrumb","itemListElement":[{"@type":"ListItem","position":1,"name":"Accueil","item":"https:\/\/corporate-learning-expedition.com\/fr\/accueil\/"},{"@type":"ListItem","position":2,"name":"Politique de confidentialit\u00e9"}]},{"@type":"WebSite","@id":"https:\/\/corporate-learning-expedition.com\/fr\/#website","url":"https:\/\/corporate-learning-expedition.com\/fr\/","name":"Corporate Learning Expedition","description":"We create learning expeditions and experiences to empower top executives and organizations to reach their transformation goals","publisher":{"@id":"https:\/\/corporate-learning-expedition.com\/fr\/#organization"},"potentialAction":[{"@type":"SearchAction","target":{"@type":"EntryPoint","urlTemplate":"https:\/\/corporate-learning-expedition.com\/fr\/?s={search_term_string}"},"query-input":{"@type":"PropertyValueSpecification","valueRequired":true,"valueName":"search_term_string"}}],"inLanguage":"fr-FR"},{"@type":"Organization","@id":"https:\/\/corporate-learning-expedition.com\/fr\/#organization","name":"Corporate Learning Expedition","url":"https:\/\/corporate-learning-expedition.com\/fr\/","logo":{"@type":"ImageObject","inLanguage":"fr-FR","@id":"https:\/\/corporate-learning-expedition.com\/fr\/#\/schema\/logo\/image\/","url":"https:\/\/corporate-learning-expedition.com\/wp-content\/uploads\/2023\/05\/Corporate-Learning-Expedition-Logos-28.png","contentUrl":"https:\/\/corporate-learning-expedition.com\/wp-content\/uploads\/2023\/05\/Corporate-Learning-Expedition-Logos-28.png","width":4419,"height":2311,"caption":"Corporate Learning Expedition"},"image":{"@id":"https:\/\/corporate-learning-expedition.com\/fr\/#\/schema\/logo\/image\/"}}]}},"_links":{"self":[{"href":"https:\/\/corporate-learning-expedition.com\/fr\/wp-json\/wp\/v2\/pages\/5607","targetHints":{"allow":["GET"]}}],"collection":[{"href":"https:\/\/corporate-learning-expedition.com\/fr\/wp-json\/wp\/v2\/pages"}],"about":[{"href":"https:\/\/corporate-learning-expedition.com\/fr\/wp-json\/wp\/v2\/types\/page"}],"author":[{"embeddable":true,"href":"https:\/\/corporate-learning-expedition.com\/fr\/wp-json\/wp\/v2\/users\/1"}],"replies":[{"embeddable":true,"href":"https:\/\/corporate-learning-expedition.com\/fr\/wp-json\/wp\/v2\/comments?post=5607"}],"version-history":[{"count":7,"href":"https:\/\/corporate-learning-expedition.com\/fr\/wp-json\/wp\/v2\/pages\/5607\/revisions"}],"predecessor-version":[{"id":6301,"href":"https:\/\/corporate-learning-expedition.com\/fr\/wp-json\/wp\/v2\/pages\/5607\/revisions\/6301"}],"wp:attachment":[{"href":"https:\/\/corporate-learning-expedition.com\/fr\/wp-json\/wp\/v2\/media?parent=5607"}],"wp:term":[{"taxonomy":"category","embeddable":true,"href":"https:\/\/corporate-learning-expedition.com\/fr\/wp-json\/wp\/v2\/categories?post=5607"},{"taxonomy":"post_tag","embeddable":true,"href":"https:\/\/corporate-learning-expedition.com\/fr\/wp-json\/wp\/v2\/tags?post=5607"},{"taxonomy":"folder","embeddable":true,"href":"https:\/\/corporate-learning-expedition.com\/fr\/wp-json\/wp\/v2\/folder?post=5607"}],"curies":[{"name":"wp","href":"https:\/\/api.w.org\/{rel}","templated":true}]}}