{"id":5595,"date":"2023-07-18T12:20:02","date_gmt":"2023-07-18T10:20:02","guid":{"rendered":"https:\/\/corporate-learning-expedition.com\/confidentialite-des-cookies-et-protection-des-donnees-personnelles\/"},"modified":"2026-03-17T07:30:08","modified_gmt":"2026-03-17T06:30:08","slug":"confidentialite-des-cookies-et-protection-des-donnees-personnelles","status":"publish","type":"page","link":"https:\/\/corporate-learning-expedition.com\/fr\/confidentialite-des-cookies-et-protection-des-donnees-personnelles\/","title":{"rendered":"Confidentialit\u00e9 des cookies et protection des donn\u00e9es personnelles"},"content":{"rendered":"\t\t<div data-elementor-type=\"wp-page\" data-elementor-id=\"5595\" class=\"elementor elementor-5595 elementor-1933\" data-elementor-post-type=\"page\">\n\t\t\t\t\t\t<section class=\"elementor-section elementor-top-section elementor-element elementor-element-fbbdf8e elementor-section-boxed elementor-section-height-default elementor-section-height-default\" data-id=\"fbbdf8e\" data-element_type=\"section\" data-e-type=\"section\">\n\t\t\t\t\t\t<div class=\"elementor-container elementor-column-gap-default\">\n\t\t\t\t\t<div class=\"elementor-column elementor-col-100 elementor-top-column elementor-element elementor-element-856d050\" data-id=\"856d050\" data-element_type=\"column\" data-e-type=\"column\">\n\t\t\t<div class=\"elementor-widget-wrap elementor-element-populated\">\n\t\t\t\t\t\t<div class=\"elementor-element elementor-element-5ae8944 elementor-widget elementor-widget-heading\" data-id=\"5ae8944\" data-element_type=\"widget\" data-e-type=\"widget\" data-widget_type=\"heading.default\">\n\t\t\t\t<div class=\"elementor-widget-container\">\n\t\t\t\t\t<h2 class=\"elementor-heading-title elementor-size-default\">Confidentialit\u00e9 des cookies et protection des donn\u00e9es personnelles<\/h2>\t\t\t\t<\/div>\n\t\t\t\t<\/div>\n\t\t\t\t<div class=\"elementor-element elementor-element-011061b elementor-widget elementor-widget-text-editor\" data-id=\"011061b\" data-element_type=\"widget\" data-e-type=\"widget\" data-widget_type=\"text-editor.default\">\n\t\t\t\t<div class=\"elementor-widget-container\">\n\t\t\t\t\t\t\t\t\t<p><\/p>\n<h2>Politique en mati\u00e8re de cookies et protection des donn\u00e9es personnelles<\/h2>\n<p>Gestion des donn\u00e9es personnelles<br>En France, les donn\u00e9es personnelles sont prot\u00e9g\u00e9es par la loi n\u00b0 78-87 du 6 janvier 1978, la loi n\u00b0 2004-801 du 6 ao\u00fbt 2004, l&rsquo;article L. 226-13 du code p\u00e9nal et la directive europ\u00e9enne du 24 octobre 1995.<\/p>\n<p>A l&rsquo;occasion de l&rsquo;utilisation du site Innovation Is Everywhere, les informations suivantes peuvent \u00eatre recueillies : l&rsquo;URL des liens par l&rsquo;interm\u00e9diaire desquels l&rsquo;utilisateur a acc\u00e9d\u00e9 au site Innovation Is Everywhere, le fournisseur d&rsquo;acc\u00e8s de l&rsquo;utilisateur, l&rsquo;adresse de protocole Internet (IP) de l&rsquo;utilisateur.<\/p>\n<p>En tout \u00e9tat de cause Innovation Is Everywhere ne collecte des informations personnelles relatives \u00e0 l&rsquo;utilisateur que pour le besoin de certains services propos\u00e9s par le site Innovation Is Everywhere. L&rsquo;utilisateur fournit ces informations en toute connaissance de cause, notamment lorsqu&rsquo;il proc\u00e8de \u00e0 leur saisie. Il est alors pr\u00e9cis\u00e9 \u00e0 l&rsquo;utilisateur du site Innovation Is Everywhere l&rsquo;obligation ou non de fournir ces informations.  <\/p>\n<p>Conform\u00e9ment aux dispositions des articles 38 et suivants de la loi 78-17 du 6 janvier 1978 relative \u00e0 l&rsquo;informatique, aux fichiers et aux libert\u00e9s, tout utilisateur dispose d&rsquo;un droit d&rsquo;acc\u00e8s, de rectification et d&rsquo;opposition aux donn\u00e9es personnelles le concernant, en effectuant une demande \u00e9crite et sign\u00e9e, accompagn\u00e9e d&rsquo;une copie du titre d&rsquo;identit\u00e9 avec signature du titulaire de la pi\u00e8ce, en pr\u00e9cisant l&rsquo;adresse \u00e0 laquelle la r\u00e9ponse doit \u00eatre envoy\u00e9e.<\/p>\n<p>Aucune information personnelle de l&rsquo;utilisateur du site Innovation Is Everywhere n&rsquo;est publi\u00e9e \u00e0 l&rsquo;insu de l&rsquo;utilisateur, \u00e9chang\u00e9e, transf\u00e9r\u00e9e, c\u00e9d\u00e9e ou vendue sur un support quelconque \u00e0 des tiers. Seule l&rsquo;hypoth\u00e8se du rachat de Innovation Is Everywhere et de ses droits permettrait la transmission des dites informations \u00e0 l&rsquo;\u00e9ventuel acqu\u00e9reur qui serait \u00e0 son tour tenu de la m\u00eame obligation de conservation et de modification des donn\u00e9es vis \u00e0 vis de l&rsquo;utilisateur du site Innovation Is Everywhere. <\/p>\n<p>Les bases de donn\u00e9es sont prot\u00e9g\u00e9es par les dispositions de la loi du 1er juillet 1998 transposant la directive 96\/9 du 11 mars 1996 concernant la protection juridique des bases de donn\u00e9es.<\/p>\n<h2>Liens hypertextes et cookies.<\/h2>\n<p>Le site Innovation Is Everywhere contient un certain nombre de liens hypertextes vers d&rsquo;autres sites, mis en place avec l&rsquo;autorisation de Innovation Is Everywhere. Cependant, Innovation Is Everywhere n&rsquo;a pas la possibilit\u00e9 de v\u00e9rifier le contenu des sites ainsi visit\u00e9s, et n&rsquo;assumera en cons\u00e9quence aucune responsabilit\u00e9 de ce fait. <\/p>\n<p>La navigation sur le site Innovation Is Everywhere est susceptible de provoquer l&rsquo;installation de cookie(s) sur l&rsquo;ordinateur de l&rsquo;utilisateur. Un cookie est un fichier de petite taille, qui ne permet pas d&rsquo;identifier l&rsquo;utilisateur, mais qui enregistre des informations relatives \u00e0 la navigation d&rsquo;un ordinateur sur un site. Les donn\u00e9es ainsi obtenues visent \u00e0 faciliter la navigation ult\u00e9rieure sur le site et ont \u00e9galement vocation \u00e0 permettre diverses mesures de fr\u00e9quentation.  <\/p>\n<p>Le refus d&rsquo;installation d&rsquo;un cookie peut entra\u00eener l&rsquo;impossibilit\u00e9 d&rsquo;acc\u00e9der \u00e0 certains services. Toutefois, l&rsquo;utilisateur peut configurer son ordinateur de la mani\u00e8re suivante pour refuser l&rsquo;installation de cookies : <\/p>\n<p>Sous Internet Explorer : onglet outil (pictogramme en forme de roue dent\u00e9e en haut \u00e0 droite) \/ options internet. Cliquez sur Confidentialit\u00e9 et choisissez Bloquer tous les cookies. Validez sur Ok.  <\/p>\n<p>Sous Firefox : en haut de la fen\u00eatre du navigateur, cliquez sur le bouton Firefox, puis allez dans l&rsquo;onglet Options. Cliquez sur l&rsquo;onglet Confidentialit\u00e9. R\u00e9glez les R\u00e8gles de conservation sur : utiliser les param\u00e8tres personnalis\u00e9s pour l&rsquo;historique. Enfin, d\u00e9cochez la case pour d\u00e9sactiver les cookies.   <\/p>\n<p>Dans Safari : Cliquez sur l&rsquo;ic\u00f4ne de menu (symbolis\u00e9e par un rouage) en haut \u00e0 droite du navigateur. S\u00e9lectionnez Param\u00e8tres. Cliquez sur Afficher les param\u00e8tres avanc\u00e9s. Dans la section \u00a0\u00bb Vie priv\u00e9e \u00ab\u00a0, cliquez sur Param\u00e8tres de contenu. Dans la section \u00a0\u00bb Cookies \u00ab\u00a0, vous pouvez bloquer les cookies.    <\/p>\n<p>Dans Chrome : Cliquez sur l&rsquo;ic\u00f4ne de menu (symbolis\u00e9e par trois lignes horizontales) dans le coin sup\u00e9rieur droit du navigateur. S\u00e9lectionnez Param\u00e8tres. Cliquez sur Afficher les param\u00e8tres avanc\u00e9s. Dans la section \u00a0\u00bb Vie priv\u00e9e \u00ab\u00a0, cliquez sur Pr\u00e9f\u00e9rences. Dans l&rsquo;onglet \u00a0\u00bb Vie priv\u00e9e \u00ab\u00a0, vous pouvez bloquer les cookies.    <\/p>\n<p><\/p>\t\t\t\t\t\t\t\t<\/div>\n\t\t\t\t<\/div>\n\t\t\t\t\t<\/div>\n\t\t<\/div>\n\t\t\t\t\t<\/div>\n\t\t<\/section>\n\t\t\t\t<\/div>\n\t\t","protected":false},"excerpt":{"rendered":"<p>Confidentialit\u00e9 des cookies et protection des donn\u00e9es personnelles Politique en mati\u00e8re de cookies et protection des donn\u00e9es personnelles Gestion des donn\u00e9es personnellesEn France, les donn\u00e9es personnelles sont prot\u00e9g\u00e9es par la loi n\u00b0 78-87 du 6 janvier 1978, la loi n\u00b0 2004-801 du 6 ao\u00fbt 2004, l&rsquo;article L. 226-13 du code p\u00e9nal et la directive europ\u00e9enne [&hellip;]<\/p>\n","protected":false},"author":1,"featured_media":0,"parent":0,"menu_order":0,"comment_status":"closed","ping_status":"closed","template":"","meta":{"footnotes":""},"categories":[133],"tags":[],"folder":[],"class_list":["post-5595","page","type-page","status-publish","hentry","category-pas-de-menu"],"yoast_head":"<!-- This site is optimized with the Yoast SEO plugin v27.1.1 - https:\/\/yoast.com\/product\/yoast-seo-wordpress\/ -->\n<title>Confidentialit\u00e9 des cookies et protection des donn\u00e9es personnelles - Corporate Learning Expedition<\/title>\n<meta name=\"robots\" content=\"index, follow, max-snippet:-1, max-image-preview:large, max-video-preview:-1\" \/>\n<link rel=\"canonical\" href=\"https:\/\/corporate-learning-expedition.com\/fr\/confidentialite-des-cookies-et-protection-des-donnees-personnelles\/\" \/>\n<meta property=\"og:locale\" content=\"fr_FR\" \/>\n<meta property=\"og:type\" content=\"article\" \/>\n<meta property=\"og:title\" content=\"Confidentialit\u00e9 des cookies et protection des donn\u00e9es personnelles - Corporate Learning Expedition\" \/>\n<meta property=\"og:description\" content=\"Confidentialit\u00e9 des cookies et protection des donn\u00e9es personnelles Politique en mati\u00e8re de cookies et protection des donn\u00e9es personnelles Gestion des donn\u00e9es personnellesEn France, les donn\u00e9es personnelles sont prot\u00e9g\u00e9es par la loi n\u00b0 78-87 du 6 janvier 1978, la loi n\u00b0 2004-801 du 6 ao\u00fbt 2004, l&rsquo;article L. 226-13 du code p\u00e9nal et la directive europ\u00e9enne [&hellip;]\" \/>\n<meta property=\"og:url\" content=\"https:\/\/corporate-learning-expedition.com\/fr\/confidentialite-des-cookies-et-protection-des-donnees-personnelles\/\" \/>\n<meta property=\"og:site_name\" content=\"Corporate Learning Expedition\" \/>\n<meta property=\"article:modified_time\" content=\"2026-03-17T06:30:08+00:00\" \/>\n<meta name=\"twitter:card\" content=\"summary_large_image\" \/>\n<meta name=\"twitter:label1\" content=\"Dur\u00e9e de lecture estim\u00e9e\" \/>\n\t<meta name=\"twitter:data1\" content=\"3 minutes\" \/>\n<script type=\"application\/ld+json\" class=\"yoast-schema-graph\">{\"@context\":\"https:\/\/schema.org\",\"@graph\":[{\"@type\":\"WebPage\",\"@id\":\"https:\/\/corporate-learning-expedition.com\/fr\/confidentialite-des-cookies-et-protection-des-donnees-personnelles\/\",\"url\":\"https:\/\/corporate-learning-expedition.com\/fr\/confidentialite-des-cookies-et-protection-des-donnees-personnelles\/\",\"name\":\"Confidentialit\u00e9 des cookies et protection des donn\u00e9es personnelles - Corporate Learning Expedition\",\"isPartOf\":{\"@id\":\"https:\/\/corporate-learning-expedition.com\/fr\/#website\"},\"datePublished\":\"2023-07-18T10:20:02+00:00\",\"dateModified\":\"2026-03-17T06:30:08+00:00\",\"breadcrumb\":{\"@id\":\"https:\/\/corporate-learning-expedition.com\/fr\/confidentialite-des-cookies-et-protection-des-donnees-personnelles\/#breadcrumb\"},\"inLanguage\":\"fr-FR\",\"potentialAction\":[{\"@type\":\"ReadAction\",\"target\":[\"https:\/\/corporate-learning-expedition.com\/fr\/confidentialite-des-cookies-et-protection-des-donnees-personnelles\/\"]}]},{\"@type\":\"BreadcrumbList\",\"@id\":\"https:\/\/corporate-learning-expedition.com\/fr\/confidentialite-des-cookies-et-protection-des-donnees-personnelles\/#breadcrumb\",\"itemListElement\":[{\"@type\":\"ListItem\",\"position\":1,\"name\":\"Accueil\",\"item\":\"https:\/\/corporate-learning-expedition.com\/fr\/accueil\/\"},{\"@type\":\"ListItem\",\"position\":2,\"name\":\"Confidentialit\u00e9 des cookies et protection des donn\u00e9es personnelles\"}]},{\"@type\":\"WebSite\",\"@id\":\"https:\/\/corporate-learning-expedition.com\/fr\/#website\",\"url\":\"https:\/\/corporate-learning-expedition.com\/fr\/\",\"name\":\"Corporate Learning Expedition\",\"description\":\"We create learning expeditions and experiences to empower top executives and organizations to reach their transformation goals\",\"publisher\":{\"@id\":\"https:\/\/corporate-learning-expedition.com\/fr\/#organization\"},\"potentialAction\":[{\"@type\":\"SearchAction\",\"target\":{\"@type\":\"EntryPoint\",\"urlTemplate\":\"https:\/\/corporate-learning-expedition.com\/fr\/?s={search_term_string}\"},\"query-input\":{\"@type\":\"PropertyValueSpecification\",\"valueRequired\":true,\"valueName\":\"search_term_string\"}}],\"inLanguage\":\"fr-FR\"},{\"@type\":\"Organization\",\"@id\":\"https:\/\/corporate-learning-expedition.com\/fr\/#organization\",\"name\":\"Corporate Learning Expedition\",\"url\":\"https:\/\/corporate-learning-expedition.com\/fr\/\",\"logo\":{\"@type\":\"ImageObject\",\"inLanguage\":\"fr-FR\",\"@id\":\"https:\/\/corporate-learning-expedition.com\/fr\/#\/schema\/logo\/image\/\",\"url\":\"https:\/\/corporate-learning-expedition.com\/wp-content\/uploads\/2023\/05\/Corporate-Learning-Expedition-Logos-28.png\",\"contentUrl\":\"https:\/\/corporate-learning-expedition.com\/wp-content\/uploads\/2023\/05\/Corporate-Learning-Expedition-Logos-28.png\",\"width\":4419,\"height\":2311,\"caption\":\"Corporate Learning Expedition\"},\"image\":{\"@id\":\"https:\/\/corporate-learning-expedition.com\/fr\/#\/schema\/logo\/image\/\"}}]}<\/script>\n<!-- \/ Yoast SEO plugin. -->","yoast_head_json":{"title":"Confidentialit\u00e9 des cookies et protection des donn\u00e9es personnelles - Corporate Learning Expedition","robots":{"index":"index","follow":"follow","max-snippet":"max-snippet:-1","max-image-preview":"max-image-preview:large","max-video-preview":"max-video-preview:-1"},"canonical":"https:\/\/corporate-learning-expedition.com\/fr\/confidentialite-des-cookies-et-protection-des-donnees-personnelles\/","og_locale":"fr_FR","og_type":"article","og_title":"Confidentialit\u00e9 des cookies et protection des donn\u00e9es personnelles - Corporate Learning Expedition","og_description":"Confidentialit\u00e9 des cookies et protection des donn\u00e9es personnelles Politique en mati\u00e8re de cookies et protection des donn\u00e9es personnelles Gestion des donn\u00e9es personnellesEn France, les donn\u00e9es personnelles sont prot\u00e9g\u00e9es par la loi n\u00b0 78-87 du 6 janvier 1978, la loi n\u00b0 2004-801 du 6 ao\u00fbt 2004, l&rsquo;article L. 226-13 du code p\u00e9nal et la directive europ\u00e9enne [&hellip;]","og_url":"https:\/\/corporate-learning-expedition.com\/fr\/confidentialite-des-cookies-et-protection-des-donnees-personnelles\/","og_site_name":"Corporate Learning Expedition","article_modified_time":"2026-03-17T06:30:08+00:00","twitter_card":"summary_large_image","twitter_misc":{"Dur\u00e9e de lecture estim\u00e9e":"3 minutes"},"schema":{"@context":"https:\/\/schema.org","@graph":[{"@type":"WebPage","@id":"https:\/\/corporate-learning-expedition.com\/fr\/confidentialite-des-cookies-et-protection-des-donnees-personnelles\/","url":"https:\/\/corporate-learning-expedition.com\/fr\/confidentialite-des-cookies-et-protection-des-donnees-personnelles\/","name":"Confidentialit\u00e9 des cookies et protection des donn\u00e9es personnelles - Corporate Learning Expedition","isPartOf":{"@id":"https:\/\/corporate-learning-expedition.com\/fr\/#website"},"datePublished":"2023-07-18T10:20:02+00:00","dateModified":"2026-03-17T06:30:08+00:00","breadcrumb":{"@id":"https:\/\/corporate-learning-expedition.com\/fr\/confidentialite-des-cookies-et-protection-des-donnees-personnelles\/#breadcrumb"},"inLanguage":"fr-FR","potentialAction":[{"@type":"ReadAction","target":["https:\/\/corporate-learning-expedition.com\/fr\/confidentialite-des-cookies-et-protection-des-donnees-personnelles\/"]}]},{"@type":"BreadcrumbList","@id":"https:\/\/corporate-learning-expedition.com\/fr\/confidentialite-des-cookies-et-protection-des-donnees-personnelles\/#breadcrumb","itemListElement":[{"@type":"ListItem","position":1,"name":"Accueil","item":"https:\/\/corporate-learning-expedition.com\/fr\/accueil\/"},{"@type":"ListItem","position":2,"name":"Confidentialit\u00e9 des cookies et protection des donn\u00e9es personnelles"}]},{"@type":"WebSite","@id":"https:\/\/corporate-learning-expedition.com\/fr\/#website","url":"https:\/\/corporate-learning-expedition.com\/fr\/","name":"Corporate Learning Expedition","description":"We create learning expeditions and experiences to empower top executives and organizations to reach their transformation goals","publisher":{"@id":"https:\/\/corporate-learning-expedition.com\/fr\/#organization"},"potentialAction":[{"@type":"SearchAction","target":{"@type":"EntryPoint","urlTemplate":"https:\/\/corporate-learning-expedition.com\/fr\/?s={search_term_string}"},"query-input":{"@type":"PropertyValueSpecification","valueRequired":true,"valueName":"search_term_string"}}],"inLanguage":"fr-FR"},{"@type":"Organization","@id":"https:\/\/corporate-learning-expedition.com\/fr\/#organization","name":"Corporate Learning Expedition","url":"https:\/\/corporate-learning-expedition.com\/fr\/","logo":{"@type":"ImageObject","inLanguage":"fr-FR","@id":"https:\/\/corporate-learning-expedition.com\/fr\/#\/schema\/logo\/image\/","url":"https:\/\/corporate-learning-expedition.com\/wp-content\/uploads\/2023\/05\/Corporate-Learning-Expedition-Logos-28.png","contentUrl":"https:\/\/corporate-learning-expedition.com\/wp-content\/uploads\/2023\/05\/Corporate-Learning-Expedition-Logos-28.png","width":4419,"height":2311,"caption":"Corporate Learning Expedition"},"image":{"@id":"https:\/\/corporate-learning-expedition.com\/fr\/#\/schema\/logo\/image\/"}}]}},"_links":{"self":[{"href":"https:\/\/corporate-learning-expedition.com\/fr\/wp-json\/wp\/v2\/pages\/5595","targetHints":{"allow":["GET"]}}],"collection":[{"href":"https:\/\/corporate-learning-expedition.com\/fr\/wp-json\/wp\/v2\/pages"}],"about":[{"href":"https:\/\/corporate-learning-expedition.com\/fr\/wp-json\/wp\/v2\/types\/page"}],"author":[{"embeddable":true,"href":"https:\/\/corporate-learning-expedition.com\/fr\/wp-json\/wp\/v2\/users\/1"}],"replies":[{"embeddable":true,"href":"https:\/\/corporate-learning-expedition.com\/fr\/wp-json\/wp\/v2\/comments?post=5595"}],"version-history":[{"count":11,"href":"https:\/\/corporate-learning-expedition.com\/fr\/wp-json\/wp\/v2\/pages\/5595\/revisions"}],"predecessor-version":[{"id":6159,"href":"https:\/\/corporate-learning-expedition.com\/fr\/wp-json\/wp\/v2\/pages\/5595\/revisions\/6159"}],"wp:attachment":[{"href":"https:\/\/corporate-learning-expedition.com\/fr\/wp-json\/wp\/v2\/media?parent=5595"}],"wp:term":[{"taxonomy":"category","embeddable":true,"href":"https:\/\/corporate-learning-expedition.com\/fr\/wp-json\/wp\/v2\/categories?post=5595"},{"taxonomy":"post_tag","embeddable":true,"href":"https:\/\/corporate-learning-expedition.com\/fr\/wp-json\/wp\/v2\/tags?post=5595"},{"taxonomy":"folder","embeddable":true,"href":"https:\/\/corporate-learning-expedition.com\/fr\/wp-json\/wp\/v2\/folder?post=5595"}],"curies":[{"name":"wp","href":"https:\/\/api.w.org\/{rel}","templated":true}]}}